{"id":1925,"date":"2024-10-22T07:04:42","date_gmt":"2024-10-22T07:04:42","guid":{"rendered":"https:\/\/clowns.org\/privacy-policy\/"},"modified":"2025-05-19T10:17:20","modified_gmt":"2025-05-19T10:17:20","slug":"privacy-policy","status":"publish","type":"page","link":"https:\/\/clowns.org\/ca\/privacy-policy\/","title":{"rendered":"Pol\u00edtica de privacitat"},"content":{"rendered":"\t\t<div data-elementor-type=\"wp-page\" data-elementor-id=\"1925\" class=\"elementor elementor-1925 elementor-3\" data-elementor-post-type=\"page\">\n\t\t\t\t<div class=\"elementor-element elementor-element-72f59f19 e-flex e-con-boxed e-con e-parent\" data-id=\"72f59f19\" data-element_type=\"container\">\n\t\t\t\t\t<div class=\"e-con-inner\">\n\t\t\t\t<div class=\"elementor-element elementor-element-436f8d8f elementor-widget elementor-widget-text-editor\" data-id=\"436f8d8f\" data-element_type=\"widget\" data-widget_type=\"text-editor.default\">\n\t\t\t\t<div class=\"elementor-widget-container\">\n\t\t\t\t\t\t\t\t\t\n<p>PALLASSOS SENSE FRONTERES garanteix la privacitat de les dades de car\u00e0cter personal aportats, segons el Reglament General de Protecci\u00f3 de Dades (RGPD).<\/p>\n\n\n\n<p>La visita a aquesta p\u00e0gina web no suposa que l&#8217;usuari estigui obligat a facilitar cap informaci\u00f3 sobre si mateix, no obstant aix\u00f2, durant la visita \u00e9s possible que se sol\u00b7licitin dades de car\u00e0cter personal a trav\u00e9s de formularis.<\/p>\n\n\n\n<p>Aquestes dades seran incorporats a un fitxer responsabilitat de PALLASSOS SENSE FRONTERESi seran utilitzats amb la finalitat de contestar la sol\u00b7licitud realitzada per la seva part i per a enviar-los informaci\u00f3 de la nostra empresa i serveis per qualsevol mitj\u00e0 de comunicaci\u00f3. En enviar-nos aquest formulari, vost\u00e8 est\u00e0 acceptant expl\u00edcitament la recepci\u00f3 d&#8217;aquests. Aquestes dades es cancel\u00b7laran a petici\u00f3 seva o una vegada satisfet la finalitat per a la qual van ser recaptats.  <\/p>\n\n\n\n<p>Com exercitar els drets: Els usuaris poden dirigir una comunicaci\u00f3 per escrit a PALLASSOS SENSEFRONTERES amb domicili en PLZ. MARGARIDA XIRGU 1 (EDF. TEATRE LLIURE), 08004 BARCELONA, BARCELONA, o a l&#8217;adre\u00e7a de correu electr\u00f2nic operaciones@clowns.org incloent<br>en tots dos casos una fotoc\u00f2pia del seu DNI o un altre document identificatiu similar, per a exercitar els seus drets, que s\u00f3n els seg\u00fcents: <\/p>\n\n\n\n<p>Dret a sol\u00b7licitar l&#8217;acc\u00e9s a les dades personals: vost\u00e8 podr\u00e0 preguntar a PALLASSOS SENSEFRONTERES si aquesta empresa est\u00e0 tractant les seves dades.<br>Dret a sol\u00b7licitar la seva rectificaci\u00f3 (en cas que siguin incorrectes) o supressi\u00f3.<br>Dret a sol\u00b7licitar la limitaci\u00f3 del seu tractament, i en aquest cas \u00fanicament seran conservats per PALLASSOS SENSE FRONTERES per a l&#8217;exercici o la defensa de reclamacions.<br>Dret a oposar-se al tractament: PALLASSOSSENSE FRONTERES deixar\u00e0 de tractar les dades en la forma que vost\u00e8 indiqui, tret que per motius leg\u00edtims imperiosos o l&#8217;exercici o la defensa de possibles reclamacions s&#8217;hagin de continuar tractant.<br>Dret a la portabilitat de les dades: en cas que vulgui que les seves dades siguin tractades per una altra signatura, PALLASSOS SENSEFRONTERES li facilitar\u00e0 la portabilitat de les seves dades al nou responsable.<br>Possibilitat de retirar el consentiment: en el cas que s&#8217;hagi atorgat el consentiment per a alguna finalitat espec\u00edfica, vost\u00e8 t\u00e9 dret a retirar el consentiment en qualsevol moment, sense que aix\u00f2 afecti la licitud del tractament basat en el consentiment previ a la seva retirada.<\/p>\n\n\n\n<p>Com reclamar davant l&#8217;Autoritat de Control: Si un usuari considera que hi ha un problema amb la forma en qu\u00e8 PALLASSOS SENSE FRONTERES est\u00e0 manejant les seves dades, pot dirigir les seves reclamacions a l&#8217;autoritat de protecci\u00f3 de dades que correspongui, sent l&#8217;Ag\u00e8ncia Espanyola de Protecci\u00f3 de Dades la indicada en el cas d&#8217;Espanya<\/p>\n\n\n\n<p>La negativa a proporcionar les dades suposar\u00e0 la no prestaci\u00f3 o la impossibilitat d&#8217;accedir al servei per als quals eren sol\u00b7licitats. Vost\u00e8 t\u00e9 dret a rebre resposta a qualsevol pregunta, consulta o aclariment que li sorgeixi derivada d&#8217;aquest formulari. <\/p>\n\n\n\n<p>Les parts se sotmeten, a la seva elecci\u00f3, per a la resoluci\u00f3 dels conflictes i amb ren\u00fancia a qualsevol altre fur, als jutjats i tribunals del domicili del propietari del lloc web.<\/p>\n\n\n\n<p><\/p>\n\t\t\t\t\t\t\t\t<\/div>\n\t\t\t\t<\/div>\n\t\t\t\t\t<\/div>\n\t\t\t\t<\/div>\n\t\t\t\t<\/div>\n\t\t","protected":false},"excerpt":{"rendered":"<p>PALLASSOS SENSE FRONTERES garanteix la privacitat de les dades de car\u00e0cter personal aportats, segons el Reglament General de Protecci\u00f3 de Dades (RGPD). La visita a aquesta p\u00e0gina web no suposa que l&#8217;usuari estigui obligat a facilitar cap informaci\u00f3 sobre si mateix, no obstant aix\u00f2, durant la visita \u00e9s possible que se sol\u00b7licitin dades de car\u00e0cter [&hellip;]<\/p>\n","protected":false},"author":1,"featured_media":0,"parent":0,"menu_order":0,"comment_status":"closed","ping_status":"open","template":"","meta":{"_acf_changed":false,"footnotes":""},"class_list":["post-1925","page","type-page","status-publish","hentry"],"acf":[],"_links":{"self":[{"href":"https:\/\/clowns.org\/ca\/wp-json\/wp\/v2\/pages\/1925","targetHints":{"allow":["GET"]}}],"collection":[{"href":"https:\/\/clowns.org\/ca\/wp-json\/wp\/v2\/pages"}],"about":[{"href":"https:\/\/clowns.org\/ca\/wp-json\/wp\/v2\/types\/page"}],"author":[{"embeddable":true,"href":"https:\/\/clowns.org\/ca\/wp-json\/wp\/v2\/users\/1"}],"replies":[{"embeddable":true,"href":"https:\/\/clowns.org\/ca\/wp-json\/wp\/v2\/comments?post=1925"}],"version-history":[{"count":0,"href":"https:\/\/clowns.org\/ca\/wp-json\/wp\/v2\/pages\/1925\/revisions"}],"wp:attachment":[{"href":"https:\/\/clowns.org\/ca\/wp-json\/wp\/v2\/media?parent=1925"}],"curies":[{"name":"wp","href":"https:\/\/api.w.org\/{rel}","templated":true}]}}